{"id":14342,"date":"2018-06-18T02:07:20","date_gmt":"2018-06-17T17:07:20","guid":{"rendered":"https:\/\/share.510-design.net\/a-propos-de-nihongo-center\/installations\/"},"modified":"2025-08-20T10:19:14","modified_gmt":"2025-08-20T01:19:14","slug":"installations","status":"publish","type":"page","link":"https:\/\/share.510-design.net\/fr\/a-propos-de-nihongo-center\/installations\/","title":{"rendered":"Installations"},"content":{"rendered":"\n<p>Nous nous effor\u00e7ons de rendre votre environnement d&rsquo;\u00e9tude aussi propre et relaxant que possible. Les photos suivantes montrent l&rsquo;int\u00e9rieur du Nihongo Center :<\/p>\n\n<figure class=\"wp-block-gallery has-nested-images columns-4 is-cropped wp-block-gallery-1 is-layout-flex wp-block-gallery-is-layout-flex\">\n<figure class=\"wp-block-image size-large\"><a href=\"https:\/\/share.510-design.net\/wp-content\/uploads\/2018\/06\/1-1.jpg\"><img loading=\"lazy\" decoding=\"async\" width=\"1024\" height=\"768\" data-id=\"6407\" src=\"https:\/\/share.510-design.net\/wp-content\/uploads\/2018\/06\/1-1-1024x768.jpg\" alt=\"Installations de l'&#xE9;cole - Salle d'&#xE9;tude individuelle\" class=\"wp-image-6407\" srcset=\"https:\/\/share.510-design.net\/wp-content\/uploads\/2018\/06\/1-1-1024x768.jpg 1024w, https:\/\/share.510-design.net\/wp-content\/uploads\/2018\/06\/1-1-300x225.jpg 300w, https:\/\/share.510-design.net\/wp-content\/uploads\/2018\/06\/1-1-768x576.jpg 768w, https:\/\/share.510-design.net\/wp-content\/uploads\/2018\/06\/1-1-73x55.jpg 73w, https:\/\/share.510-design.net\/wp-content\/uploads\/2018\/06\/1-1-947x710.jpg 947w, https:\/\/share.510-design.net\/wp-content\/uploads\/2018\/06\/1-1-624x468.jpg 624w, https:\/\/share.510-design.net\/wp-content\/uploads\/2018\/06\/1-1.jpg 1280w\" sizes=\"auto, (max-width: 1024px) 100vw, 1024px\" \/><\/a><\/figure>\n\n\n\n<figure class=\"wp-block-image size-large\"><img loading=\"lazy\" decoding=\"async\" width=\"600\" height=\"338\" data-id=\"12487\" src=\"https:\/\/share.510-design.net\/wp-content\/uploads\/2025\/04\/IMG_20250404_150318.jpg\" alt=\"Salle de classe du 2&#xE8;me &#xE9;tage\" class=\"wp-image-12487\" srcset=\"https:\/\/share.510-design.net\/wp-content\/uploads\/2025\/04\/IMG_20250404_150318.jpg 600w, https:\/\/share.510-design.net\/wp-content\/uploads\/2025\/04\/IMG_20250404_150318-300x169.jpg 300w\" sizes=\"auto, (max-width: 600px) 100vw, 600px\" \/><\/figure>\n\n\n\n<figure class=\"wp-block-image size-large\"><img loading=\"lazy\" decoding=\"async\" width=\"600\" height=\"338\" data-id=\"12493\" src=\"https:\/\/share.510-design.net\/wp-content\/uploads\/2025\/04\/IMG_20250404_150152.jpg\" alt=\"Salle de classe du 3&#xE8;me &#xE9;tage\" class=\"wp-image-12493\" srcset=\"https:\/\/share.510-design.net\/wp-content\/uploads\/2025\/04\/IMG_20250404_150152.jpg 600w, https:\/\/share.510-design.net\/wp-content\/uploads\/2025\/04\/IMG_20250404_150152-300x169.jpg 300w\" sizes=\"auto, (max-width: 600px) 100vw, 600px\" \/><\/figure>\n\n\n\n<figure class=\"wp-block-image size-large\"><img loading=\"lazy\" decoding=\"async\" width=\"600\" height=\"338\" data-id=\"12481\" src=\"https:\/\/share.510-design.net\/wp-content\/uploads\/2025\/04\/IMG_20250404_145930.jpg\" alt=\"Salle de classe du 4&#xE8;me &#xE9;tage\" class=\"wp-image-12481\" srcset=\"https:\/\/share.510-design.net\/wp-content\/uploads\/2025\/04\/IMG_20250404_145930.jpg 600w, https:\/\/share.510-design.net\/wp-content\/uploads\/2025\/04\/IMG_20250404_145930-300x169.jpg 300w\" sizes=\"auto, (max-width: 600px) 100vw, 600px\" \/><\/figure>\n\n\n\n<figure class=\"wp-block-image size-large\"><img loading=\"lazy\" decoding=\"async\" width=\"600\" height=\"338\" data-id=\"12499\" src=\"https:\/\/share.510-design.net\/wp-content\/uploads\/2025\/04\/IMG_20250404_150538.jpg\" alt=\"Salle de classe du 5&#xE8;me &#xE9;tage\" class=\"wp-image-12499\" srcset=\"https:\/\/share.510-design.net\/wp-content\/uploads\/2025\/04\/IMG_20250404_150538.jpg 600w, https:\/\/share.510-design.net\/wp-content\/uploads\/2025\/04\/IMG_20250404_150538-300x169.jpg 300w\" sizes=\"auto, (max-width: 600px) 100vw, 600px\" \/><\/figure>\n\n\n\n<figure class=\"wp-block-image size-large\"><a href=\"https:\/\/share.510-design.net\/wp-content\/uploads\/2018\/06\/3-1.jpg\"><img loading=\"lazy\" decoding=\"async\" width=\"1024\" height=\"681\" data-id=\"6409\" src=\"https:\/\/share.510-design.net\/wp-content\/uploads\/2018\/06\/3-1-1024x681.jpg\" alt=\"Installations scolaires - Hors de la salle de classe\" class=\"wp-image-6409\" srcset=\"https:\/\/share.510-design.net\/wp-content\/uploads\/2018\/06\/3-1-1024x681.jpg 1024w, https:\/\/share.510-design.net\/wp-content\/uploads\/2018\/06\/3-1-300x200.jpg 300w, https:\/\/share.510-design.net\/wp-content\/uploads\/2018\/06\/3-1-768x511.jpg 768w, https:\/\/share.510-design.net\/wp-content\/uploads\/2018\/06\/3-1-83x55.jpg 83w, https:\/\/share.510-design.net\/wp-content\/uploads\/2018\/06\/3-1-947x630.jpg 947w, https:\/\/share.510-design.net\/wp-content\/uploads\/2018\/06\/3-1-624x415.jpg 624w, https:\/\/share.510-design.net\/wp-content\/uploads\/2018\/06\/3-1-84x56.jpg 84w, https:\/\/share.510-design.net\/wp-content\/uploads\/2018\/06\/3-1.jpg 1400w\" sizes=\"auto, (max-width: 1024px) 100vw, 1024px\" \/><\/a><\/figure>\n\n\n\n<figure class=\"wp-block-image size-large\"><a href=\"https:\/\/share.510-design.net\/wp-content\/uploads\/2018\/06\/4-1.jpg\"><img loading=\"lazy\" decoding=\"async\" width=\"1024\" height=\"768\" data-id=\"6410\" src=\"https:\/\/share.510-design.net\/wp-content\/uploads\/2018\/06\/4-1-1024x768.jpg\" alt=\"Installations scolaires - Bureau principal\" class=\"wp-image-6410\" srcset=\"https:\/\/share.510-design.net\/wp-content\/uploads\/2018\/06\/4-1-1024x768.jpg 1024w, https:\/\/share.510-design.net\/wp-content\/uploads\/2018\/06\/4-1-300x225.jpg 300w, https:\/\/share.510-design.net\/wp-content\/uploads\/2018\/06\/4-1-768x576.jpg 768w, https:\/\/share.510-design.net\/wp-content\/uploads\/2018\/06\/4-1-73x55.jpg 73w, https:\/\/share.510-design.net\/wp-content\/uploads\/2018\/06\/4-1-947x710.jpg 947w, https:\/\/share.510-design.net\/wp-content\/uploads\/2018\/06\/4-1-624x468.jpg 624w, https:\/\/share.510-design.net\/wp-content\/uploads\/2018\/06\/4-1.jpg 1280w\" sizes=\"auto, (max-width: 1024px) 100vw, 1024px\" \/><\/a><\/figure>\n\n\n\n<figure class=\"wp-block-image size-large\"><a href=\"https:\/\/share.510-design.net\/wp-content\/uploads\/2018\/06\/89.jpg\"><img loading=\"lazy\" decoding=\"async\" width=\"933\" height=\"700\" data-id=\"6412\" src=\"https:\/\/share.510-design.net\/wp-content\/uploads\/2018\/06\/89.jpg\" alt=\"Installations scolaires - Spot d'information sur l'enseignement sup&#xE9;rieur\" class=\"wp-image-6412\" srcset=\"https:\/\/share.510-design.net\/wp-content\/uploads\/2018\/06\/89.jpg 933w, https:\/\/share.510-design.net\/wp-content\/uploads\/2018\/06\/89-300x225.jpg 300w, https:\/\/share.510-design.net\/wp-content\/uploads\/2018\/06\/89-768x576.jpg 768w, https:\/\/share.510-design.net\/wp-content\/uploads\/2018\/06\/89-73x55.jpg 73w, https:\/\/share.510-design.net\/wp-content\/uploads\/2018\/06\/89-624x468.jpg 624w\" sizes=\"auto, (max-width: 933px) 100vw, 933px\" \/><\/a><\/figure>\n\n\n\n<figure class=\"wp-block-image size-large\"><a href=\"https:\/\/share.510-design.net\/wp-content\/uploads\/2018\/06\/99.jpg\"><img loading=\"lazy\" decoding=\"async\" width=\"933\" height=\"700\" data-id=\"6419\" src=\"https:\/\/share.510-design.net\/wp-content\/uploads\/2018\/06\/99.jpg\" alt=\"Installations scolaires - Bureau principal 2\" class=\"wp-image-6419\" srcset=\"https:\/\/share.510-design.net\/wp-content\/uploads\/2018\/06\/99.jpg 933w, https:\/\/share.510-design.net\/wp-content\/uploads\/2018\/06\/99-300x225.jpg 300w, https:\/\/share.510-design.net\/wp-content\/uploads\/2018\/06\/99-768x576.jpg 768w, https:\/\/share.510-design.net\/wp-content\/uploads\/2018\/06\/99-73x55.jpg 73w, https:\/\/share.510-design.net\/wp-content\/uploads\/2018\/06\/99-624x468.jpg 624w\" sizes=\"auto, (max-width: 933px) 100vw, 933px\" \/><\/a><\/figure>\n<\/figure>\n","protected":false},"excerpt":{"rendered":"<p>Nous nous effor\u00e7ons de rendre votre environnement d&rsquo;\u00e9tude aussi propre et relaxant que possible. Les photos suivantes montrent l&rsquo;int\u00e9rieur du Nihongo Center :<\/p>\n","protected":false},"author":1,"featured_media":0,"parent":14277,"menu_order":150,"comment_status":"closed","ping_status":"closed","template":"","meta":{"footnotes":""},"class_list":["post-14342","page","type-page","status-publish","hentry"],"yoast_head":"<!-- This site is optimized with the Yoast SEO plugin v25.8 - https:\/\/yoast.com\/wordpress\/plugins\/seo\/ -->\n<title>Installations scolaires | Centre Nihongo<\/title>\n<meta name=\"description\" content=\"Nous nous effor\u00e7ons de rendre votre environnement d&#039;\u00e9tude aussi propre et relaxant que possible.\" \/>\n<meta name=\"robots\" content=\"noindex, follow, max-snippet:-1, max-image-preview:large, max-video-preview:-1\" \/>\n<meta property=\"og:locale\" content=\"fr_FR\" \/>\n<meta property=\"og:type\" content=\"article\" \/>\n<meta property=\"og:title\" content=\"Installations scolaires | Centre Nihongo\" \/>\n<meta property=\"og:description\" content=\"Nous nous effor\u00e7ons de rendre votre environnement d&#039;\u00e9tude aussi propre et relaxant que possible.\" \/>\n<meta property=\"og:url\" content=\"https:\/\/share.510-design.net\/fr\/a-propos-de-nihongo-center\/installations\/\" \/>\n<meta property=\"og:site_name\" content=\"NIHONGO CENTER\" \/>\n<meta property=\"article:publisher\" content=\"https:\/\/www.facebook.com\/NGCKyoto\" \/>\n<meta property=\"article:modified_time\" content=\"2025-08-20T01:19:14+00:00\" \/>\n<meta property=\"og:image\" content=\"https:\/\/share.510-design.net\/wp-content\/uploads\/2018\/06\/1-1.jpg\" \/>\n\t<meta property=\"og:image:width\" content=\"1280\" \/>\n\t<meta property=\"og:image:height\" content=\"960\" \/>\n\t<meta property=\"og:image:type\" content=\"image\/jpeg\" \/>\n<meta name=\"twitter:card\" content=\"summary_large_image\" \/>\n<script type=\"application\/ld+json\" class=\"yoast-schema-graph\">{\"@context\":\"https:\/\/schema.org\",\"@graph\":[{\"@type\":\"WebPage\",\"@id\":\"https:\/\/share.510-design.net\/fr\/a-propos-de-nihongo-center\/installations\/\",\"url\":\"https:\/\/share.510-design.net\/fr\/a-propos-de-nihongo-center\/installations\/\",\"name\":\"Installations scolaires | Centre Nihongo\",\"isPartOf\":{\"@id\":\"https:\/\/share.510-design.net\/fr\/#website\"},\"primaryImageOfPage\":{\"@id\":\"https:\/\/share.510-design.net\/fr\/a-propos-de-nihongo-center\/installations\/#primaryimage\"},\"image\":{\"@id\":\"https:\/\/share.510-design.net\/fr\/a-propos-de-nihongo-center\/installations\/#primaryimage\"},\"thumbnailUrl\":\"https:\/\/share.510-design.net\/wp-content\/uploads\/2018\/06\/1-1-1024x768.jpg\",\"datePublished\":\"2018-06-17T17:07:20+00:00\",\"dateModified\":\"2025-08-20T01:19:14+00:00\",\"description\":\"Nous nous effor\u00e7ons de rendre votre environnement d'\u00e9tude aussi propre et relaxant que possible.\",\"breadcrumb\":{\"@id\":\"https:\/\/share.510-design.net\/fr\/a-propos-de-nihongo-center\/installations\/#breadcrumb\"},\"inLanguage\":\"fr-FR\",\"potentialAction\":[{\"@type\":\"ReadAction\",\"target\":[\"https:\/\/share.510-design.net\/fr\/a-propos-de-nihongo-center\/installations\/\"]}]},{\"@type\":\"ImageObject\",\"inLanguage\":\"fr-FR\",\"@id\":\"https:\/\/share.510-design.net\/fr\/a-propos-de-nihongo-center\/installations\/#primaryimage\",\"url\":\"https:\/\/share.510-design.net\/wp-content\/uploads\/2018\/06\/1-1-1024x768.jpg\",\"contentUrl\":\"https:\/\/share.510-design.net\/wp-content\/uploads\/2018\/06\/1-1-1024x768.jpg\"},{\"@type\":\"BreadcrumbList\",\"@id\":\"https:\/\/share.510-design.net\/fr\/a-propos-de-nihongo-center\/installations\/#breadcrumb\",\"itemListElement\":[{\"@type\":\"ListItem\",\"position\":1,\"name\":\"Home\",\"item\":\"https:\/\/share.510-design.net\/fr\/\"},{\"@type\":\"ListItem\",\"position\":2,\"name\":\"\u00c0 propos de NC\",\"item\":\"https:\/\/share.510-design.net\/fr\/a-propos-de-nihongo-center\/\"},{\"@type\":\"ListItem\",\"position\":3,\"name\":\"Installations\"}]},{\"@type\":\"WebSite\",\"@id\":\"https:\/\/share.510-design.net\/fr\/#website\",\"url\":\"https:\/\/share.510-design.net\/fr\/\",\"name\":\"Nihongo Center\",\"description\":\"Ecole de Japonais \u00e0 Kyoto\",\"publisher\":{\"@id\":\"https:\/\/share.510-design.net\/fr\/#organization\"},\"potentialAction\":[{\"@type\":\"SearchAction\",\"target\":{\"@type\":\"EntryPoint\",\"urlTemplate\":\"https:\/\/share.510-design.net\/fr\/?s={search_term_string}\"},\"query-input\":{\"@type\":\"PropertyValueSpecification\",\"valueRequired\":true,\"valueName\":\"search_term_string\"}}],\"inLanguage\":\"fr-FR\"},{\"@type\":\"Organization\",\"@id\":\"https:\/\/share.510-design.net\/fr\/#organization\",\"name\":\"Nihongo Center\",\"url\":\"https:\/\/share.510-design.net\/fr\/\",\"logo\":{\"@type\":\"ImageObject\",\"inLanguage\":\"fr-FR\",\"@id\":\"https:\/\/share.510-design.net\/fr\/#\/schema\/logo\/image\/\",\"url\":\"https:\/\/i0.wp.com\/nihongo-center.com\/wp-content\/uploads\/2018\/06\/ncenter-logo-top.png?fit=1040%2C118&ssl=1\",\"contentUrl\":\"https:\/\/i0.wp.com\/nihongo-center.com\/wp-content\/uploads\/2018\/06\/ncenter-logo-top.png?fit=1040%2C118&ssl=1\",\"width\":1040,\"height\":118,\"caption\":\"Nihongo Center\"},\"image\":{\"@id\":\"https:\/\/share.510-design.net\/fr\/#\/schema\/logo\/image\/\"},\"sameAs\":[\"https:\/\/www.facebook.com\/NGCKyoto\",\"https:\/\/www.instagram.com\/nihongocenterkyoto\/\",\"https:\/\/www.youtube.com\/user\/nihongocenter\"]}]}<\/script>\n<!-- \/ Yoast SEO plugin. -->","yoast_head_json":{"title":"Installations scolaires | Centre Nihongo","description":"Nous nous effor\u00e7ons de rendre votre environnement d'\u00e9tude aussi propre et relaxant que possible.","robots":{"index":"noindex","follow":"follow","max-snippet":"max-snippet:-1","max-image-preview":"max-image-preview:large","max-video-preview":"max-video-preview:-1"},"og_locale":"fr_FR","og_type":"article","og_title":"Installations scolaires | Centre Nihongo","og_description":"Nous nous effor\u00e7ons de rendre votre environnement d'\u00e9tude aussi propre et relaxant que possible.","og_url":"https:\/\/share.510-design.net\/fr\/a-propos-de-nihongo-center\/installations\/","og_site_name":"NIHONGO CENTER","article_publisher":"https:\/\/www.facebook.com\/NGCKyoto","article_modified_time":"2025-08-20T01:19:14+00:00","og_image":[{"width":1280,"height":960,"url":"https:\/\/share.510-design.net\/wp-content\/uploads\/2018\/06\/1-1.jpg","type":"image\/jpeg"}],"twitter_card":"summary_large_image","schema":{"@context":"https:\/\/schema.org","@graph":[{"@type":"WebPage","@id":"https:\/\/share.510-design.net\/fr\/a-propos-de-nihongo-center\/installations\/","url":"https:\/\/share.510-design.net\/fr\/a-propos-de-nihongo-center\/installations\/","name":"Installations scolaires | Centre Nihongo","isPartOf":{"@id":"https:\/\/share.510-design.net\/fr\/#website"},"primaryImageOfPage":{"@id":"https:\/\/share.510-design.net\/fr\/a-propos-de-nihongo-center\/installations\/#primaryimage"},"image":{"@id":"https:\/\/share.510-design.net\/fr\/a-propos-de-nihongo-center\/installations\/#primaryimage"},"thumbnailUrl":"https:\/\/share.510-design.net\/wp-content\/uploads\/2018\/06\/1-1-1024x768.jpg","datePublished":"2018-06-17T17:07:20+00:00","dateModified":"2025-08-20T01:19:14+00:00","description":"Nous nous effor\u00e7ons de rendre votre environnement d'\u00e9tude aussi propre et relaxant que possible.","breadcrumb":{"@id":"https:\/\/share.510-design.net\/fr\/a-propos-de-nihongo-center\/installations\/#breadcrumb"},"inLanguage":"fr-FR","potentialAction":[{"@type":"ReadAction","target":["https:\/\/share.510-design.net\/fr\/a-propos-de-nihongo-center\/installations\/"]}]},{"@type":"ImageObject","inLanguage":"fr-FR","@id":"https:\/\/share.510-design.net\/fr\/a-propos-de-nihongo-center\/installations\/#primaryimage","url":"https:\/\/share.510-design.net\/wp-content\/uploads\/2018\/06\/1-1-1024x768.jpg","contentUrl":"https:\/\/share.510-design.net\/wp-content\/uploads\/2018\/06\/1-1-1024x768.jpg"},{"@type":"BreadcrumbList","@id":"https:\/\/share.510-design.net\/fr\/a-propos-de-nihongo-center\/installations\/#breadcrumb","itemListElement":[{"@type":"ListItem","position":1,"name":"Home","item":"https:\/\/share.510-design.net\/fr\/"},{"@type":"ListItem","position":2,"name":"\u00c0 propos de NC","item":"https:\/\/share.510-design.net\/fr\/a-propos-de-nihongo-center\/"},{"@type":"ListItem","position":3,"name":"Installations"}]},{"@type":"WebSite","@id":"https:\/\/share.510-design.net\/fr\/#website","url":"https:\/\/share.510-design.net\/fr\/","name":"Nihongo Center","description":"Ecole de Japonais \u00e0 Kyoto","publisher":{"@id":"https:\/\/share.510-design.net\/fr\/#organization"},"potentialAction":[{"@type":"SearchAction","target":{"@type":"EntryPoint","urlTemplate":"https:\/\/share.510-design.net\/fr\/?s={search_term_string}"},"query-input":{"@type":"PropertyValueSpecification","valueRequired":true,"valueName":"search_term_string"}}],"inLanguage":"fr-FR"},{"@type":"Organization","@id":"https:\/\/share.510-design.net\/fr\/#organization","name":"Nihongo Center","url":"https:\/\/share.510-design.net\/fr\/","logo":{"@type":"ImageObject","inLanguage":"fr-FR","@id":"https:\/\/share.510-design.net\/fr\/#\/schema\/logo\/image\/","url":"https:\/\/i0.wp.com\/nihongo-center.com\/wp-content\/uploads\/2018\/06\/ncenter-logo-top.png?fit=1040%2C118&ssl=1","contentUrl":"https:\/\/i0.wp.com\/nihongo-center.com\/wp-content\/uploads\/2018\/06\/ncenter-logo-top.png?fit=1040%2C118&ssl=1","width":1040,"height":118,"caption":"Nihongo Center"},"image":{"@id":"https:\/\/share.510-design.net\/fr\/#\/schema\/logo\/image\/"},"sameAs":["https:\/\/www.facebook.com\/NGCKyoto","https:\/\/www.instagram.com\/nihongocenterkyoto\/","https:\/\/www.youtube.com\/user\/nihongocenter"]}]}},"_links":{"self":[{"href":"https:\/\/share.510-design.net\/fr\/wp-json\/wp\/v2\/pages\/14342","targetHints":{"allow":["GET"]}}],"collection":[{"href":"https:\/\/share.510-design.net\/fr\/wp-json\/wp\/v2\/pages"}],"about":[{"href":"https:\/\/share.510-design.net\/fr\/wp-json\/wp\/v2\/types\/page"}],"author":[{"embeddable":true,"href":"https:\/\/share.510-design.net\/fr\/wp-json\/wp\/v2\/users\/1"}],"replies":[{"embeddable":true,"href":"https:\/\/share.510-design.net\/fr\/wp-json\/wp\/v2\/comments?post=14342"}],"version-history":[{"count":1,"href":"https:\/\/share.510-design.net\/fr\/wp-json\/wp\/v2\/pages\/14342\/revisions"}],"predecessor-version":[{"id":14355,"href":"https:\/\/share.510-design.net\/fr\/wp-json\/wp\/v2\/pages\/14342\/revisions\/14355"}],"up":[{"embeddable":true,"href":"https:\/\/share.510-design.net\/fr\/wp-json\/wp\/v2\/pages\/14277"}],"wp:attachment":[{"href":"https:\/\/share.510-design.net\/fr\/wp-json\/wp\/v2\/media?parent=14342"}],"curies":[{"name":"wp","href":"https:\/\/api.w.org\/{rel}","templated":true}]}}