{"id":14500,"date":"2021-07-29T09:50:42","date_gmt":"2021-07-29T00:50:42","guid":{"rendered":"https:\/\/share.510-design.net\/accueil\/"},"modified":"2025-09-01T11:28:14","modified_gmt":"2025-09-01T02:28:14","slug":"accueil","status":"publish","type":"page","link":"https:\/\/share.510-design.net\/fr\/","title":{"rendered":"Accueil"},"content":{"rendered":"<style>.kb-row-layout-id6070_7638cb-a9 > .kt-row-column-wrap{align-content:start;}:where(.kb-row-layout-id6070_7638cb-a9 > .kt-row-column-wrap) > .wp-block-kadence-column{justify-content:start;}.kb-row-layout-id6070_7638cb-a9 > .kt-row-column-wrap{column-gap:var(--global-kb-gap-md, 2rem);row-gap:var(--global-kb-gap-none, 0rem );max-width:887px;padding-top:var(--global-kb-spacing-3xl, 6.5rem);padding-bottom:var(--global-kb-spacing-lg, 3rem);grid-template-columns:minmax(0, 1fr);}.kb-row-layout-id6070_7638cb-a9{background-image:url('https:\/\/share.510-design.net\/wp-content\/uploads\/2025\/07\/Picture-finale.png');background-size:cover;background-position:51% 0%;background-attachment:fixed;background-repeat:no-repeat;}.kb-row-layout-id6070_7638cb-a9 > .kt-row-layout-overlay{opacity:0.30;background-color:#000000;}@media all and (max-width: 1024px), only screen and (min-device-width: 1024px) and (max-device-width: 1366px) and (-webkit-min-device-pixel-ratio: 2) and (hover: none){.kb-row-layout-id6070_7638cb-a9{background-attachment:scroll;}}@media all and (max-width: 1024px){.kb-row-layout-id6070_7638cb-a9 > .kt-row-column-wrap{grid-template-columns:minmax(0, 1fr);}}@media all and (max-width: 767px){.kb-row-layout-id6070_7638cb-a9 > .kt-row-column-wrap{padding-top:var(--global-kb-spacing-sm, 1.5rem);padding-bottom:var(--global-kb-spacing-xs, 1rem);grid-template-columns:minmax(0, 1fr);}.kb-row-layout-wrap.wp-block-kadence-rowlayout.kb-row-layout-id6070_7638cb-a9{background-image:url('https:\/\/share.510-design.net\/wp-content\/uploads\/2018\/06\/IMG_7732r.jpg')!important;background-size:cover;background-position:center center;background-attachment:scroll;background-repeat:no-repeat;}}<\/style><div style=\"background-image: url(https:\/\/share.510-design.net\/wp-content\/uploads\/2025\/07\/Picture-finale.png);\" class=\"kb-row-layout-wrap kb-row-layout-id6070_7638cb-a9 alignnone kt-row-has-bg wp-block-kadence-rowlayout\"><div class=\"kt-row-layout-overlay kt-row-overlay-normal\"><\/div><div class=\"kt-row-column-wrap kt-has-1-columns kt-row-layout-equal kt-tab-layout-inherit kt-mobile-layout-row kt-row-valign-top kb-theme-content-width\">\n<style>.kadence-column6070_fe5280-81 > .kt-inside-inner-col{display:flex;}.kadence-column6070_fe5280-81 > .kt-inside-inner-col,.kadence-column6070_fe5280-81 > .kt-inside-inner-col:before{border-top-left-radius:0px;border-top-right-radius:0px;border-bottom-right-radius:0px;border-bottom-left-radius:0px;}.kadence-column6070_fe5280-81 > .kt-inside-inner-col{row-gap:var(--global-kb-gap-none, 0rem );column-gap:var(--global-kb-gap-sm, 1rem);}.kadence-column6070_fe5280-81 > .kt-inside-inner-col{flex-direction:column;}.kadence-column6070_fe5280-81 > .kt-inside-inner-col > .aligncenter{width:100%;}.kadence-column6070_fe5280-81 > .kt-inside-inner-col:before{opacity:0.3;}.kadence-column6070_fe5280-81{position:relative;}@media all and (max-width: 1024px){.kadence-column6070_fe5280-81 > .kt-inside-inner-col{flex-direction:column;justify-content:center;}}@media all and (max-width: 767px){.kadence-column6070_fe5280-81 > .kt-inside-inner-col{flex-direction:column;justify-content:center;}}<\/style>\n<div class=\"wp-block-kadence-column kadence-column6070_fe5280-81\"><div class=\"kt-inside-inner-col\"><style>.wp-block-kadence-advancedheading.kt-adv-heading6070_0c435b-da, .wp-block-kadence-advancedheading.kt-adv-heading6070_0c435b-da[data-kb-block=\"kb-adv-heading6070_0c435b-da\"]{text-align:center;font-size:var(--global-kb-font-size-xxxl, 5rem);font-style:normal;text-shadow:3px 3px 4px #000000;}.wp-block-kadence-advancedheading.kt-adv-heading6070_0c435b-da mark.kt-highlight, .wp-block-kadence-advancedheading.kt-adv-heading6070_0c435b-da[data-kb-block=\"kb-adv-heading6070_0c435b-da\"] mark.kt-highlight{font-style:normal;color:#f76a0c;-webkit-box-decoration-break:clone;box-decoration-break:clone;padding-top:0px;padding-right:0px;padding-bottom:0px;padding-left:0px;}@media all and (max-width: 1024px){.wp-block-kadence-advancedheading.kt-adv-heading6070_0c435b-da, .wp-block-kadence-advancedheading.kt-adv-heading6070_0c435b-da[data-kb-block=\"kb-adv-heading6070_0c435b-da\"]{text-shadow:3px 3px 4px #000000;}}@media all and (max-width: 767px){.wp-block-kadence-advancedheading.kt-adv-heading6070_0c435b-da, .wp-block-kadence-advancedheading.kt-adv-heading6070_0c435b-da[data-kb-block=\"kb-adv-heading6070_0c435b-da\"]{text-shadow:3px 3px 4px #000000;font-size:var(--global-kb-font-size-xl, 3rem);}}<\/style>\n<h1 class=\"kt-adv-heading6070_0c435b-da wp-block-kadence-advancedheading has-white-color has-text-color\" data-kb-block=\"kb-adv-heading6070_0c435b-da\">Nihongo Center <\/h1>\n\n\n<style>.kb-row-layout-id6070_c963ac-44 > .kt-row-column-wrap{align-content:start;}:where(.kb-row-layout-id6070_c963ac-44 > .kt-row-column-wrap) > .wp-block-kadence-column{justify-content:start;}.kb-row-layout-id6070_c963ac-44 > .kt-row-column-wrap{column-gap:var(--global-kb-gap-md, 2rem);row-gap:var(--global-kb-gap-md, 2rem);padding-top:var(--global-kb-spacing-sm, 1.5rem);padding-bottom:var(--global-kb-spacing-sm, 1.5rem);grid-template-columns:minmax(0, 1fr);}.kb-row-layout-id6070_c963ac-44 > .kt-row-layout-overlay{opacity:0.30;}@media all and (max-width: 1024px){.kb-row-layout-id6070_c963ac-44 > .kt-row-column-wrap{grid-template-columns:minmax(0, 1fr);}}@media all and (max-width: 767px){.kb-row-layout-id6070_c963ac-44 > .kt-row-column-wrap{grid-template-columns:minmax(0, 1fr);}}<\/style><div class=\"kb-row-layout-wrap kb-row-layout-id6070_c963ac-44 alignnone wp-block-kadence-rowlayout\"><div class=\"kt-row-column-wrap kt-has-1-columns kt-row-layout-equal kt-tab-layout-inherit kt-mobile-layout-row kt-row-valign-top\">\n<style>.kadence-column6070_b89b47-a4 > .kt-inside-inner-col,.kadence-column6070_b89b47-a4 > .kt-inside-inner-col:before{border-top-left-radius:0px;border-top-right-radius:0px;border-bottom-right-radius:0px;border-bottom-left-radius:0px;}.kadence-column6070_b89b47-a4 > .kt-inside-inner-col{column-gap:var(--global-kb-gap-sm, 1rem);}.kadence-column6070_b89b47-a4 > .kt-inside-inner-col{flex-direction:column;}.kadence-column6070_b89b47-a4 > .kt-inside-inner-col > .aligncenter{width:100%;}.kadence-column6070_b89b47-a4 > .kt-inside-inner-col:before{opacity:0.3;}.kadence-column6070_b89b47-a4{position:relative;}@media all and (max-width: 1024px){.kadence-column6070_b89b47-a4 > .kt-inside-inner-col{flex-direction:column;justify-content:center;}}@media all and (max-width: 767px){.kadence-column6070_b89b47-a4 > .kt-inside-inner-col{flex-direction:column;justify-content:center;}}<\/style>\n<div class=\"wp-block-kadence-column kadence-column6070_b89b47-a4\"><div class=\"kt-inside-inner-col\"><style>.wp-block-kadence-advancedheading.kt-adv-heading6070_7f5d91-15, .wp-block-kadence-advancedheading.kt-adv-heading6070_7f5d91-15[data-kb-block=\"kb-adv-heading6070_7f5d91-15\"]{text-align:center;font-size:var(--global-kb-font-size-lg, 2rem);font-style:normal;text-shadow:3px 3px 3px #000000;}.wp-block-kadence-advancedheading.kt-adv-heading6070_7f5d91-15 mark.kt-highlight, .wp-block-kadence-advancedheading.kt-adv-heading6070_7f5d91-15[data-kb-block=\"kb-adv-heading6070_7f5d91-15\"] mark.kt-highlight{font-style:normal;color:#f76a0c;-webkit-box-decoration-break:clone;box-decoration-break:clone;padding-top:0px;padding-right:0px;padding-bottom:0px;padding-left:0px;}@media all and (max-width: 1024px){.wp-block-kadence-advancedheading.kt-adv-heading6070_7f5d91-15, .wp-block-kadence-advancedheading.kt-adv-heading6070_7f5d91-15[data-kb-block=\"kb-adv-heading6070_7f5d91-15\"]{text-shadow:3px 3px 3px #000000;}}@media all and (max-width: 767px){.wp-block-kadence-advancedheading.kt-adv-heading6070_7f5d91-15, .wp-block-kadence-advancedheading.kt-adv-heading6070_7f5d91-15[data-kb-block=\"kb-adv-heading6070_7f5d91-15\"]{text-shadow:3px 3px 3px #000000;font-size:var(--global-kb-font-size-sm, 0.9rem);}}<\/style>\n<h2 class=\"kt-adv-heading6070_7f5d91-15 wp-block-kadence-advancedheading has-white-color has-text-color\" data-kb-block=\"kb-adv-heading6070_7f5d91-15\">Une \u00e9cole de langue japonaise \u00e0 Kyoto<\/h2>\n<\/div><\/div>\n\n<\/div><\/div><\/div><\/div>\n\n<\/div><\/div><style>.kb-countdown-container-6070_00c33c-9c{border-top-left-radius:0px;border-top-right-radius:0px;border-bottom-right-radius:0px;border-bottom-left-radius:0px;border-top-width:0px;border-right-width:0px;border-bottom-width:0px;border-left-width:0px;}.kb-countdown-container-6070_00c33c-9c .kb-countdown-date-item:not( .kb-countdown-divider-item ){border-top-left-radius:0px;border-top-right-radius:0px;border-bottom-right-radius:0px;border-bottom-left-radius:0px;}.kb-countdown-container.kb-countdown-container-6070_00c33c-9c .kb-countdown-date-item .kb-countdown-number{font-size:var(--global-kb-font-size-xxl, 4rem);}.kb-countdown-container.kb-countdown-container-6070_00c33c-9c .kb-countdown-date-item{font-size:var(--global-kb-font-size-xxl, 4rem);}.kb-countdown-container.kb-countdown-container-6070_00c33c-9c .kb-countdown-date-item .kb-countdown-label{font-size:var(--global-kb-font-size-lg, 2rem);}.kb-countdown-container.kb-countdown-container-6070_00c33c-9c .kb-countdown-item.kb-pre-timer{color:#d40808;font-size:var(--global-kb-font-size-xl, 3rem);font-weight:bold;}@media all and (max-width: 767px){.kb-countdown-container.kb-countdown-container-6070_00c33c-9c .kb-countdown-date-item .kb-countdown-number{font-size:var(--global-kb-font-size-xl, 3rem);}.kb-countdown-container.kb-countdown-container-6070_00c33c-9c .kb-countdown-date-item{font-size:var(--global-kb-font-size-xl, 3rem);}.kb-countdown-container.kb-countdown-container-6070_00c33c-9c .kb-countdown-date-item .kb-countdown-label{font-size:var(--global-kb-font-size-md, 1.25rem);}.kb-countdown-container.kb-countdown-container-6070_00c33c-9c .kb-countdown-item.kb-pre-timer{font-size:var(--global-kb-font-size-md, 1.25rem);}}<\/style>\n<div class=\"wp-block-kadence-countdown kb-countdown-container kb-countdown-container-6070_00c33c-9c kb-countdown-timer-layout-block kb-countdown-has-timer kb-countdown-align-center\" data-id=\"6070_00c33c-9c\">\n<div class=\"wp-block-kadence-countdown-timer kb-countdown-timer-6070_1a4ea3-33 kb-countdown-timer\"><div class=\"kb-countdown-item kb-countdown-date-item\"><span class=\"kb-countdown-number\"> <\/span><span class=\"kb-countdown-label\"> <\/span><\/div><\/div>\n<\/div>\n\n<p>Nihongo Center est une \u00e9cole de langue japonaise situ\u00e9e \u00e0 Kyoto depuis 1979. Cela fait plus de 40 ans que nous enseignons le japonais aux \u00e9tudiants \u00e9trangers. <\/p>\n\n<p>L&rsquo;\u00e9cole est reconnue par le minist\u00e8re japonais de l&rsquo;\u00e9ducation, de la culture, des sports, des sciences et de la technologie.<\/p>\n\n<p>Nous faisons \u00e9galement partie de l&rsquo;<a href=\"https:\/\/www.nisshinkyo.org\/search\/college.php?lng=2&amp;id=315\">Association pour la promotion de l&rsquo;enseignement du japonais<\/a>.<\/p>\n\n<figure class=\"wp-block-image size-large\"><a href=\"https:\/\/share.510-design.net\/about-the-school\/\"><img loading=\"lazy\" decoding=\"async\" width=\"1024\" height=\"597\" src=\"https:\/\/share.510-design.net\/wp-content\/uploads\/2018\/06\/IMG_7732r-1024x597.jpg\" alt=\"&#xC9;cole de langue japonaise\" class=\"wp-image-6515\" srcset=\"https:\/\/share.510-design.net\/wp-content\/uploads\/2018\/06\/IMG_7732r-1024x597.jpg 1024w, https:\/\/share.510-design.net\/wp-content\/uploads\/2018\/06\/IMG_7732r-300x175.jpg 300w, https:\/\/share.510-design.net\/wp-content\/uploads\/2018\/06\/IMG_7732r-768x448.jpg 768w, https:\/\/share.510-design.net\/wp-content\/uploads\/2018\/06\/IMG_7732r-94x55.jpg 94w, https:\/\/share.510-design.net\/wp-content\/uploads\/2018\/06\/IMG_7732r-947x552.jpg 947w, https:\/\/share.510-design.net\/wp-content\/uploads\/2018\/06\/IMG_7732r-624x364.jpg 624w, https:\/\/share.510-design.net\/wp-content\/uploads\/2018\/06\/IMG_7732r.jpg 1400w\" sizes=\"auto, (max-width: 1024px) 100vw, 1024px\" \/><\/a><\/figure>\n\n<p><\/p>\n","protected":false},"excerpt":{"rendered":"<p>Nihongo Center Une \u00e9cole de langue japonaise \u00e0 Kyoto Nihongo Center est une \u00e9cole de langue japonaise situ\u00e9e \u00e0 Kyoto depuis 1979. Cela fait plus de 40 ans que nous enseignons le japonais aux \u00e9tudiants \u00e9trangers. L&rsquo;\u00e9cole est reconnue par le minist\u00e8re japonais de l&rsquo;\u00e9ducation, de la culture, des sports, des sciences et de la technologie. Nous faisons \u00e9galement partie de l&rsquo;Association pour la promotion de l&rsquo;enseignement du japonais.<\/p>\n","protected":false},"author":1,"featured_media":14502,"parent":0,"menu_order":0,"comment_status":"closed","ping_status":"closed","template":"page-templates\/home-full.php","meta":{"footnotes":""},"class_list":["post-14500","page","type-page","status-publish","has-post-thumbnail","hentry"],"yoast_head":"<!-- This site is optimized with the Yoast SEO plugin v25.8 - https:\/\/yoast.com\/wordpress\/plugins\/seo\/ -->\n<title>Ecole de langue japonaise \u00e0 Kyoto | Nihongo Center<\/title>\n<meta name=\"description\" content=\"Bienvenue \u00e0 Nihongo Center, une \u00e9cole de langue japonaise bas\u00e9e \u00e0 Kyoto et forte de 40 ans d&#039;exp\u00e9rience dans l&#039;enseignement du japonais aux \u00e9trangers.\" \/>\n<meta name=\"robots\" content=\"noindex, follow, max-snippet:-1, max-image-preview:large, max-video-preview:-1\" \/>\n<meta property=\"og:locale\" content=\"fr_FR\" \/>\n<meta property=\"og:type\" content=\"article\" \/>\n<meta property=\"og:title\" content=\"Ecole de langue japonaise \u00e0 Kyoto | Nihongo Center\" \/>\n<meta property=\"og:description\" content=\"Bienvenue \u00e0 Nihongo Center, une \u00e9cole de langue japonaise bas\u00e9e \u00e0 Kyoto et forte de 40 ans d&#039;exp\u00e9rience dans l&#039;enseignement du japonais aux \u00e9trangers.\" \/>\n<meta property=\"og:url\" content=\"https:\/\/share.510-design.net\/fr\/\" \/>\n<meta property=\"og:site_name\" content=\"NIHONGO CENTER\" \/>\n<meta property=\"article:publisher\" content=\"https:\/\/www.facebook.com\/NGCKyoto\" \/>\n<meta property=\"article:modified_time\" content=\"2025-09-01T02:28:14+00:00\" \/>\n<meta property=\"og:image\" content=\"https:\/\/share.510-design.net\/wp-content\/uploads\/2025\/08\/a8b923140493299cf97b0444a2e6f3fb.jpg\" \/>\n\t<meta property=\"og:image:width\" content=\"1920\" \/>\n\t<meta property=\"og:image:height\" content=\"1440\" \/>\n\t<meta property=\"og:image:type\" content=\"image\/jpeg\" \/>\n<meta name=\"twitter:card\" content=\"summary_large_image\" \/>\n<script type=\"application\/ld+json\" class=\"yoast-schema-graph\">{\"@context\":\"https:\/\/schema.org\",\"@graph\":[{\"@type\":\"WebPage\",\"@id\":\"https:\/\/share.510-design.net\/fr\/\",\"url\":\"https:\/\/share.510-design.net\/fr\/\",\"name\":\"Ecole de langue japonaise \u00e0 Kyoto | Nihongo Center\",\"isPartOf\":{\"@id\":\"https:\/\/share.510-design.net\/fr\/#website\"},\"primaryImageOfPage\":{\"@id\":\"https:\/\/share.510-design.net\/fr\/#primaryimage\"},\"image\":{\"@id\":\"https:\/\/share.510-design.net\/fr\/#primaryimage\"},\"thumbnailUrl\":\"https:\/\/share.510-design.net\/wp-content\/uploads\/2025\/08\/a8b923140493299cf97b0444a2e6f3fb.jpg\",\"datePublished\":\"2021-07-29T00:50:42+00:00\",\"dateModified\":\"2025-09-01T02:28:14+00:00\",\"description\":\"Bienvenue \u00e0 Nihongo Center, une \u00e9cole de langue japonaise bas\u00e9e \u00e0 Kyoto et forte de 40 ans d'exp\u00e9rience dans l'enseignement du japonais aux \u00e9trangers.\",\"breadcrumb\":{\"@id\":\"https:\/\/share.510-design.net\/fr\/#breadcrumb\"},\"inLanguage\":\"fr-FR\",\"potentialAction\":[{\"@type\":\"ReadAction\",\"target\":[\"https:\/\/share.510-design.net\/fr\/\"]}]},{\"@type\":\"ImageObject\",\"inLanguage\":\"fr-FR\",\"@id\":\"https:\/\/share.510-design.net\/fr\/#primaryimage\",\"url\":\"https:\/\/share.510-design.net\/wp-content\/uploads\/2025\/08\/a8b923140493299cf97b0444a2e6f3fb.jpg\",\"contentUrl\":\"https:\/\/share.510-design.net\/wp-content\/uploads\/2025\/08\/a8b923140493299cf97b0444a2e6f3fb.jpg\",\"width\":1920,\"height\":1440},{\"@type\":\"BreadcrumbList\",\"@id\":\"https:\/\/share.510-design.net\/fr\/#breadcrumb\",\"itemListElement\":[{\"@type\":\"ListItem\",\"position\":1,\"name\":\"Home\",\"item\":\"https:\/\/share.510-design.net\/fr\/\"},{\"@type\":\"ListItem\",\"position\":2,\"name\":\"Accueil\"}]},{\"@type\":\"WebSite\",\"@id\":\"https:\/\/share.510-design.net\/fr\/#website\",\"url\":\"https:\/\/share.510-design.net\/fr\/\",\"name\":\"Nihongo Center\",\"description\":\"Ecole de Japonais \u00e0 Kyoto\",\"publisher\":{\"@id\":\"https:\/\/share.510-design.net\/fr\/#organization\"},\"potentialAction\":[{\"@type\":\"SearchAction\",\"target\":{\"@type\":\"EntryPoint\",\"urlTemplate\":\"https:\/\/share.510-design.net\/fr\/?s={search_term_string}\"},\"query-input\":{\"@type\":\"PropertyValueSpecification\",\"valueRequired\":true,\"valueName\":\"search_term_string\"}}],\"inLanguage\":\"fr-FR\"},{\"@type\":\"Organization\",\"@id\":\"https:\/\/share.510-design.net\/fr\/#organization\",\"name\":\"Nihongo Center\",\"url\":\"https:\/\/share.510-design.net\/fr\/\",\"logo\":{\"@type\":\"ImageObject\",\"inLanguage\":\"fr-FR\",\"@id\":\"https:\/\/share.510-design.net\/fr\/#\/schema\/logo\/image\/\",\"url\":\"https:\/\/i0.wp.com\/nihongo-center.com\/wp-content\/uploads\/2018\/06\/ncenter-logo-top.png?fit=1040%2C118&ssl=1\",\"contentUrl\":\"https:\/\/i0.wp.com\/nihongo-center.com\/wp-content\/uploads\/2018\/06\/ncenter-logo-top.png?fit=1040%2C118&ssl=1\",\"width\":1040,\"height\":118,\"caption\":\"Nihongo Center\"},\"image\":{\"@id\":\"https:\/\/share.510-design.net\/fr\/#\/schema\/logo\/image\/\"},\"sameAs\":[\"https:\/\/www.facebook.com\/NGCKyoto\",\"https:\/\/www.instagram.com\/nihongocenterkyoto\/\",\"https:\/\/www.youtube.com\/user\/nihongocenter\"]}]}<\/script>\n<!-- \/ Yoast SEO plugin. -->","yoast_head_json":{"title":"Ecole de langue japonaise \u00e0 Kyoto | Nihongo Center","description":"Bienvenue \u00e0 Nihongo Center, une \u00e9cole de langue japonaise bas\u00e9e \u00e0 Kyoto et forte de 40 ans d'exp\u00e9rience dans l'enseignement du japonais aux \u00e9trangers.","robots":{"index":"noindex","follow":"follow","max-snippet":"max-snippet:-1","max-image-preview":"max-image-preview:large","max-video-preview":"max-video-preview:-1"},"og_locale":"fr_FR","og_type":"article","og_title":"Ecole de langue japonaise \u00e0 Kyoto | Nihongo Center","og_description":"Bienvenue \u00e0 Nihongo Center, une \u00e9cole de langue japonaise bas\u00e9e \u00e0 Kyoto et forte de 40 ans d'exp\u00e9rience dans l'enseignement du japonais aux \u00e9trangers.","og_url":"https:\/\/share.510-design.net\/fr\/","og_site_name":"NIHONGO CENTER","article_publisher":"https:\/\/www.facebook.com\/NGCKyoto","article_modified_time":"2025-09-01T02:28:14+00:00","og_image":[{"width":1920,"height":1440,"url":"https:\/\/share.510-design.net\/wp-content\/uploads\/2025\/08\/a8b923140493299cf97b0444a2e6f3fb.jpg","type":"image\/jpeg"}],"twitter_card":"summary_large_image","schema":{"@context":"https:\/\/schema.org","@graph":[{"@type":"WebPage","@id":"https:\/\/share.510-design.net\/fr\/","url":"https:\/\/share.510-design.net\/fr\/","name":"Ecole de langue japonaise \u00e0 Kyoto | Nihongo Center","isPartOf":{"@id":"https:\/\/share.510-design.net\/fr\/#website"},"primaryImageOfPage":{"@id":"https:\/\/share.510-design.net\/fr\/#primaryimage"},"image":{"@id":"https:\/\/share.510-design.net\/fr\/#primaryimage"},"thumbnailUrl":"https:\/\/share.510-design.net\/wp-content\/uploads\/2025\/08\/a8b923140493299cf97b0444a2e6f3fb.jpg","datePublished":"2021-07-29T00:50:42+00:00","dateModified":"2025-09-01T02:28:14+00:00","description":"Bienvenue \u00e0 Nihongo Center, une \u00e9cole de langue japonaise bas\u00e9e \u00e0 Kyoto et forte de 40 ans d'exp\u00e9rience dans l'enseignement du japonais aux \u00e9trangers.","breadcrumb":{"@id":"https:\/\/share.510-design.net\/fr\/#breadcrumb"},"inLanguage":"fr-FR","potentialAction":[{"@type":"ReadAction","target":["https:\/\/share.510-design.net\/fr\/"]}]},{"@type":"ImageObject","inLanguage":"fr-FR","@id":"https:\/\/share.510-design.net\/fr\/#primaryimage","url":"https:\/\/share.510-design.net\/wp-content\/uploads\/2025\/08\/a8b923140493299cf97b0444a2e6f3fb.jpg","contentUrl":"https:\/\/share.510-design.net\/wp-content\/uploads\/2025\/08\/a8b923140493299cf97b0444a2e6f3fb.jpg","width":1920,"height":1440},{"@type":"BreadcrumbList","@id":"https:\/\/share.510-design.net\/fr\/#breadcrumb","itemListElement":[{"@type":"ListItem","position":1,"name":"Home","item":"https:\/\/share.510-design.net\/fr\/"},{"@type":"ListItem","position":2,"name":"Accueil"}]},{"@type":"WebSite","@id":"https:\/\/share.510-design.net\/fr\/#website","url":"https:\/\/share.510-design.net\/fr\/","name":"Nihongo Center","description":"Ecole de Japonais \u00e0 Kyoto","publisher":{"@id":"https:\/\/share.510-design.net\/fr\/#organization"},"potentialAction":[{"@type":"SearchAction","target":{"@type":"EntryPoint","urlTemplate":"https:\/\/share.510-design.net\/fr\/?s={search_term_string}"},"query-input":{"@type":"PropertyValueSpecification","valueRequired":true,"valueName":"search_term_string"}}],"inLanguage":"fr-FR"},{"@type":"Organization","@id":"https:\/\/share.510-design.net\/fr\/#organization","name":"Nihongo Center","url":"https:\/\/share.510-design.net\/fr\/","logo":{"@type":"ImageObject","inLanguage":"fr-FR","@id":"https:\/\/share.510-design.net\/fr\/#\/schema\/logo\/image\/","url":"https:\/\/i0.wp.com\/nihongo-center.com\/wp-content\/uploads\/2018\/06\/ncenter-logo-top.png?fit=1040%2C118&ssl=1","contentUrl":"https:\/\/i0.wp.com\/nihongo-center.com\/wp-content\/uploads\/2018\/06\/ncenter-logo-top.png?fit=1040%2C118&ssl=1","width":1040,"height":118,"caption":"Nihongo Center"},"image":{"@id":"https:\/\/share.510-design.net\/fr\/#\/schema\/logo\/image\/"},"sameAs":["https:\/\/www.facebook.com\/NGCKyoto","https:\/\/www.instagram.com\/nihongocenterkyoto\/","https:\/\/www.youtube.com\/user\/nihongocenter"]}]}},"_links":{"self":[{"href":"https:\/\/share.510-design.net\/fr\/wp-json\/wp\/v2\/pages\/14500","targetHints":{"allow":["GET"]}}],"collection":[{"href":"https:\/\/share.510-design.net\/fr\/wp-json\/wp\/v2\/pages"}],"about":[{"href":"https:\/\/share.510-design.net\/fr\/wp-json\/wp\/v2\/types\/page"}],"author":[{"embeddable":true,"href":"https:\/\/share.510-design.net\/fr\/wp-json\/wp\/v2\/users\/1"}],"replies":[{"embeddable":true,"href":"https:\/\/share.510-design.net\/fr\/wp-json\/wp\/v2\/comments?post=14500"}],"version-history":[{"count":3,"href":"https:\/\/share.510-design.net\/fr\/wp-json\/wp\/v2\/pages\/14500\/revisions"}],"predecessor-version":[{"id":15007,"href":"https:\/\/share.510-design.net\/fr\/wp-json\/wp\/v2\/pages\/14500\/revisions\/15007"}],"wp:featuredmedia":[{"embeddable":true,"href":"https:\/\/share.510-design.net\/fr\/wp-json\/wp\/v2\/media\/14502"}],"wp:attachment":[{"href":"https:\/\/share.510-design.net\/fr\/wp-json\/wp\/v2\/media?parent=14500"}],"curies":[{"name":"wp","href":"https:\/\/api.w.org\/{rel}","templated":true}]}}